{"id":1245,"date":"2023-10-17T16:41:19","date_gmt":"2023-10-17T14:41:19","guid":{"rendered":"https:\/\/subtv.fr\/?page_id=1245"},"modified":"2023-10-17T16:42:29","modified_gmt":"2023-10-17T14:42:29","slug":"a-propos","status":"publish","type":"page","link":"https:\/\/subtv.fr\/index.php\/a-propos\/","title":{"rendered":"A propos"},"content":{"rendered":"\t\t<div data-elementor-type=\"wp-page\" data-elementor-id=\"1245\" class=\"elementor elementor-1245\" data-elementor-post-type=\"page\">\n\t\t\t\t<div class=\"elementor-element elementor-element-a678e1d e-flex e-con-boxed wpr-particle-no wpr-jarallax-no wpr-parallax-no wpr-sticky-section-no wpr-equal-height-no e-con e-parent\" data-id=\"a678e1d\" data-element_type=\"container\">\n\t\t\t\t\t<div class=\"e-con-inner\">\n\t\t\t\t<div class=\"elementor-element elementor-element-2af78cc elementor-widget elementor-widget-text-editor\" data-id=\"2af78cc\" data-element_type=\"widget\" data-widget_type=\"text-editor.default\">\n\t\t\t\t<div class=\"elementor-widget-container\">\n\t\t\t\t\t\t\t\t\t<p class=\"two_elementor_element\">Notre Team <strong><a href=\"https:\/\/subtv.fr\/\">SUBTV<\/a> <\/strong>offre un large choix des cha\u00eenes de t\u00e9l\u00e9vision diffus\u00e9es \u00e0 travers la nouvelle technologie de streaming OTT-P2P. Qui vous donne l\u2019acc\u00e8s au plus de 4500 \u00e9missions de qualit\u00e9 fhd 1080p, parmi les meilleures \u00e9missions du monde. Ainsi que des s\u00e9ries et des films \u00e0 la demande VOD, rassembl\u00e9s dans une immense biblioth\u00e8que de +8000 films et s\u00e9ries.<\/p><p class=\"two_elementor_element\">Pour les cha\u00eenes 4K nous sommes en train d\u2019augmenter le nombre des cha\u00eenes en ultra hd, enfin de satisfaire des nombreux clients qui sont tr\u00e8s int\u00e9ress\u00e9s par la qualit\u00e9 UHD. Ainsi que la qualit\u00e9 du son Dolby Digital Plus pour une exp\u00e9rience unique sur le bon mat\u00e9riel.<\/p><p class=\"two_elementor_element\">C\u2019est un service 100% streaming, il vous faut juste vous abonnez et avoir une connexion internet minimum 8 M\u00e9ga pour profiter du service IPTV sans Freez. Regarder nos bouquets sur votre t\u00e9l\u00e9viseur sans antenne parabolique, quel que soit votre emplacement g\u00e9ographique sur terre.<\/p><p class=\"two_elementor_element\">La liste des bouquets ne cesse d\u2019augmenter, \u00e0 chaque ajoute vous trouverez les nouvelles chaines directement sur votre appareil IPTV, sans aucune intervention n\u00e9cessaire de votre part.<\/p><p class=\"two_elementor_element\">Notre \u00e9quipe de support toujours \u00e0 votre service, pour vous assister \u00e0 activ\u00e9 et renouveler votre abonnement \u00e0 tout moment 12h\/24 \u2013 7\/7. Et nos \u00e9quipes des techniciens sont toujours \u00e0 la surveillance de nos serveurs, pour garantie la fonctionne de service 24h\/24 sont probl\u00e8me.<\/p><p class=\"two_elementor_element\">Il est toujours pr\u00e9f\u00e9rable de connect\u00e9 votre bo\u00eetier Android o\u00f9 bien votre smart t\u00e9l\u00e9, avec un c\u00e2ble Ethernet pour garantir la stabilit\u00e9 de d\u00e9bit d\u2019internet n\u00e9cessaire pour fonctionner les cha\u00eenes et les VOD sont probl\u00e8me.<\/p><p class=\"two_elementor_element\">Vous pouvez aussi utiliser une application VPN sur les box Android, pour \u00e9viter le blocage de votre abonnement, par votre fournisseur d\u2019acc\u00e8s internet.<\/p><p class=\"two_elementor_element\">Finalement IPTV est compatible avec une multitude d\u2019appareils et de syst\u00e8mes d\u2019exploitation. et bien adapt\u00e9 pour les box Android pour une utilisation facile et agr\u00e9able.<\/p>\t\t\t\t\t\t\t\t<\/div>\n\t\t\t\t<\/div>\n\t\t\t\t\t<\/div>\n\t\t\t\t<\/div>\n\t\t\t\t<\/div>\n\t\t","protected":false},"excerpt":{"rendered":"<p>Notre Team SUBTV offre un large choix des cha\u00eenes de t\u00e9l\u00e9vision diffus\u00e9es \u00e0 travers la nouvelle technologie de streaming OTT-P2P. Qui vous donne l\u2019acc\u00e8s au plus de 4500 \u00e9missions de qualit\u00e9 fhd 1080p, parmi les meilleures \u00e9missions du monde. Ainsi que des s\u00e9ries et des films \u00e0 la demande VOD, rassembl\u00e9s dans une immense biblioth\u00e8que de +8000 films et s\u00e9ries. Pour les cha\u00eenes 4K nous sommes en train d\u2019augmenter le nombre des cha\u00eenes en ultra hd, enfin de satisfaire des nombreux clients qui sont tr\u00e8s int\u00e9ress\u00e9s par la qualit\u00e9 UHD. Ainsi que la qualit\u00e9 du son Dolby Digital Plus pour une exp\u00e9rience unique sur le bon mat\u00e9riel. C\u2019est un service 100% streaming, il vous faut juste vous abonnez et avoir une connexion internet minimum 8 M\u00e9ga pour profiter du service IPTV sans Freez. Regarder nos bouquets sur votre t\u00e9l\u00e9viseur sans antenne parabolique, quel que soit votre emplacement g\u00e9ographique sur terre. La liste des bouquets ne cesse d\u2019augmenter, \u00e0 chaque ajoute vous trouverez les nouvelles chaines directement sur votre appareil IPTV, sans aucune intervention n\u00e9cessaire de votre part. Notre \u00e9quipe de support toujours \u00e0 votre service, pour vous assister \u00e0 activ\u00e9 et renouveler votre abonnement \u00e0 tout moment 12h\/24 \u2013 7\/7. Et nos \u00e9quipes des techniciens sont toujours \u00e0 la surveillance de nos serveurs, pour garantie la fonctionne de service 24h\/24 sont probl\u00e8me. Il est toujours pr\u00e9f\u00e9rable de connect\u00e9 votre bo\u00eetier Android o\u00f9 bien votre smart t\u00e9l\u00e9, avec un c\u00e2ble Ethernet pour garantir la stabilit\u00e9 de d\u00e9bit d\u2019internet n\u00e9cessaire pour fonctionner les cha\u00eenes et les VOD sont probl\u00e8me. Vous pouvez aussi utiliser une application VPN sur les box Android, pour \u00e9viter le blocage de votre abonnement, par votre fournisseur d\u2019acc\u00e8s internet. Finalement IPTV est compatible avec une multitude d\u2019appareils et de syst\u00e8mes d\u2019exploitation. et bien adapt\u00e9 pour les box Android pour une utilisation facile et agr\u00e9able.<\/p>\n","protected":false},"author":1,"featured_media":0,"parent":0,"menu_order":0,"comment_status":"closed","ping_status":"closed","template":"","meta":{"two_page_speed":[],"footnotes":""},"yoast_head":"<!-- This site is optimized with the Yoast SEO Premium plugin v22.8 (Yoast SEO v24.5) - https:\/\/yoast.com\/wordpress\/plugins\/seo\/ -->\n<title>A propos - Subtv<\/title>\n<meta name=\"robots\" content=\"index, follow, max-snippet:-1, max-image-preview:large, max-video-preview:-1\" \/>\n<link rel=\"canonical\" href=\"https:\/\/subtv.fr\/index.php\/a-propos\/\" \/>\n<meta property=\"og:locale\" content=\"fr_FR\" \/>\n<meta property=\"og:type\" content=\"article\" \/>\n<meta property=\"og:title\" content=\"A propos\" \/>\n<meta property=\"og:description\" content=\"Notre Team SUBTV offre un large choix des cha\u00eenes de t\u00e9l\u00e9vision diffus\u00e9es \u00e0 travers la nouvelle technologie de streaming OTT-P2P. Qui vous donne l\u2019acc\u00e8s au plus de 4500 \u00e9missions de qualit\u00e9 fhd 1080p, parmi les meilleures \u00e9missions du monde. Ainsi que des s\u00e9ries et des films \u00e0 la demande VOD, rassembl\u00e9s dans une immense biblioth\u00e8que de +8000 films et s\u00e9ries. Pour les cha\u00eenes 4K nous sommes en train d\u2019augmenter le nombre des cha\u00eenes en ultra hd, enfin de satisfaire des nombreux clients qui sont tr\u00e8s int\u00e9ress\u00e9s par la qualit\u00e9 UHD. Ainsi que la qualit\u00e9 du son Dolby Digital Plus pour une exp\u00e9rience unique sur le bon mat\u00e9riel. C\u2019est un service 100% streaming, il vous faut juste vous abonnez et avoir une connexion internet minimum 8 M\u00e9ga pour profiter du service IPTV sans Freez. Regarder nos bouquets sur votre t\u00e9l\u00e9viseur sans antenne parabolique, quel que soit votre emplacement g\u00e9ographique sur terre. La liste des bouquets ne cesse d\u2019augmenter, \u00e0 chaque ajoute vous trouverez les nouvelles chaines directement sur votre appareil IPTV, sans aucune intervention n\u00e9cessaire de votre part. Notre \u00e9quipe de support toujours \u00e0 votre service, pour vous assister \u00e0 activ\u00e9 et renouveler votre abonnement \u00e0 tout moment 12h\/24 \u2013 7\/7. Et nos \u00e9quipes des techniciens sont toujours \u00e0 la surveillance de nos serveurs, pour garantie la fonctionne de service 24h\/24 sont probl\u00e8me. Il est toujours pr\u00e9f\u00e9rable de connect\u00e9 votre bo\u00eetier Android o\u00f9 bien votre smart t\u00e9l\u00e9, avec un c\u00e2ble Ethernet pour garantir la stabilit\u00e9 de d\u00e9bit d\u2019internet n\u00e9cessaire pour fonctionner les cha\u00eenes et les VOD sont probl\u00e8me. Vous pouvez aussi utiliser une application VPN sur les box Android, pour \u00e9viter le blocage de votre abonnement, par votre fournisseur d\u2019acc\u00e8s internet. Finalement IPTV est compatible avec une multitude d\u2019appareils et de syst\u00e8mes d\u2019exploitation. et bien adapt\u00e9 pour les box Android pour une utilisation facile et agr\u00e9able.\" \/>\n<meta property=\"og:url\" content=\"https:\/\/subtv.fr\/index.php\/a-propos\/\" \/>\n<meta property=\"og:site_name\" content=\"Subtv\" \/>\n<meta property=\"article:modified_time\" content=\"2023-10-17T14:42:29+00:00\" \/>\n<meta name=\"twitter:card\" content=\"summary_large_image\" \/>\n<meta name=\"twitter:label1\" content=\"Dur\u00e9e de lecture estim\u00e9e\" \/>\n\t<meta name=\"twitter:data1\" content=\"2 minutes\" \/>\n<script type=\"application\/ld+json\" class=\"yoast-schema-graph\">{\"@context\":\"https:\/\/schema.org\",\"@graph\":[{\"@type\":\"WebPage\",\"@id\":\"https:\/\/subtv.fr\/index.php\/a-propos\/\",\"url\":\"https:\/\/subtv.fr\/index.php\/a-propos\/\",\"name\":\"A propos - Subtv\",\"isPartOf\":{\"@id\":\"https:\/\/subtv.fr\/#website\"},\"datePublished\":\"2023-10-17T14:41:19+00:00\",\"dateModified\":\"2023-10-17T14:42:29+00:00\",\"breadcrumb\":{\"@id\":\"https:\/\/subtv.fr\/index.php\/a-propos\/#breadcrumb\"},\"inLanguage\":\"fr-FR\",\"potentialAction\":[{\"@type\":\"ReadAction\",\"target\":[\"https:\/\/subtv.fr\/index.php\/a-propos\/\"]}]},{\"@type\":\"BreadcrumbList\",\"@id\":\"https:\/\/subtv.fr\/index.php\/a-propos\/#breadcrumb\",\"itemListElement\":[{\"@type\":\"ListItem\",\"position\":1,\"name\":\"Accueil\",\"item\":\"https:\/\/subtv.fr\/\"},{\"@type\":\"ListItem\",\"position\":2,\"name\":\"A propos\"}]},{\"@type\":\"WebSite\",\"@id\":\"https:\/\/subtv.fr\/#website\",\"url\":\"https:\/\/subtv.fr\/\",\"name\":\"Subtv\",\"description\":\"MEILLEUR ABONNEMENT IPTV N\u00b01 EN FRANCE &amp; Europe\",\"publisher\":{\"@id\":\"https:\/\/subtv.fr\/#organization\"},\"potentialAction\":[{\"@type\":\"SearchAction\",\"target\":{\"@type\":\"EntryPoint\",\"urlTemplate\":\"https:\/\/subtv.fr\/?s={search_term_string}\"},\"query-input\":{\"@type\":\"PropertyValueSpecification\",\"valueRequired\":true,\"valueName\":\"search_term_string\"}}],\"inLanguage\":\"fr-FR\"},{\"@type\":[\"Organization\",\"Place\"],\"@id\":\"https:\/\/subtv.fr\/#organization\",\"name\":\"Subtv\",\"url\":\"https:\/\/subtv.fr\/\",\"logo\":{\"@id\":\"https:\/\/subtv.fr\/index.php\/a-propos\/#local-main-organization-logo\"},\"image\":{\"@id\":\"https:\/\/subtv.fr\/index.php\/a-propos\/#local-main-organization-logo\"},\"openingHoursSpecification\":[{\"@type\":\"OpeningHoursSpecification\",\"dayOfWeek\":[\"Monday\",\"Tuesday\",\"Wednesday\",\"Thursday\",\"Friday\",\"Saturday\",\"Sunday\"],\"opens\":\"09:00\",\"closes\":\"17:00\"}]},{\"@type\":\"ImageObject\",\"inLanguage\":\"fr-FR\",\"@id\":\"https:\/\/subtv.fr\/index.php\/a-propos\/#local-main-organization-logo\",\"url\":\"https:\/\/subtv.fr\/wp-content\/uploads\/2023\/04\/cropped-subtv-2.png\",\"contentUrl\":\"https:\/\/subtv.fr\/wp-content\/uploads\/2023\/04\/cropped-subtv-2.png\",\"width\":100,\"height\":100,\"caption\":\"Subtv\"}]}<\/script>\n<!-- \/ Yoast SEO Premium plugin. -->","yoast_head_json":{"title":"A propos - Subtv","robots":{"index":"index","follow":"follow","max-snippet":"max-snippet:-1","max-image-preview":"max-image-preview:large","max-video-preview":"max-video-preview:-1"},"canonical":"https:\/\/subtv.fr\/index.php\/a-propos\/","og_locale":"fr_FR","og_type":"article","og_title":"A propos","og_description":"Notre Team SUBTV offre un large choix des cha\u00eenes de t\u00e9l\u00e9vision diffus\u00e9es \u00e0 travers la nouvelle technologie de streaming OTT-P2P. Qui vous donne l\u2019acc\u00e8s au plus de 4500 \u00e9missions de qualit\u00e9 fhd 1080p, parmi les meilleures \u00e9missions du monde. Ainsi que des s\u00e9ries et des films \u00e0 la demande VOD, rassembl\u00e9s dans une immense biblioth\u00e8que de +8000 films et s\u00e9ries. Pour les cha\u00eenes 4K nous sommes en train d\u2019augmenter le nombre des cha\u00eenes en ultra hd, enfin de satisfaire des nombreux clients qui sont tr\u00e8s int\u00e9ress\u00e9s par la qualit\u00e9 UHD. Ainsi que la qualit\u00e9 du son Dolby Digital Plus pour une exp\u00e9rience unique sur le bon mat\u00e9riel. C\u2019est un service 100% streaming, il vous faut juste vous abonnez et avoir une connexion internet minimum 8 M\u00e9ga pour profiter du service IPTV sans Freez. Regarder nos bouquets sur votre t\u00e9l\u00e9viseur sans antenne parabolique, quel que soit votre emplacement g\u00e9ographique sur terre. La liste des bouquets ne cesse d\u2019augmenter, \u00e0 chaque ajoute vous trouverez les nouvelles chaines directement sur votre appareil IPTV, sans aucune intervention n\u00e9cessaire de votre part. Notre \u00e9quipe de support toujours \u00e0 votre service, pour vous assister \u00e0 activ\u00e9 et renouveler votre abonnement \u00e0 tout moment 12h\/24 \u2013 7\/7. Et nos \u00e9quipes des techniciens sont toujours \u00e0 la surveillance de nos serveurs, pour garantie la fonctionne de service 24h\/24 sont probl\u00e8me. Il est toujours pr\u00e9f\u00e9rable de connect\u00e9 votre bo\u00eetier Android o\u00f9 bien votre smart t\u00e9l\u00e9, avec un c\u00e2ble Ethernet pour garantir la stabilit\u00e9 de d\u00e9bit d\u2019internet n\u00e9cessaire pour fonctionner les cha\u00eenes et les VOD sont probl\u00e8me. Vous pouvez aussi utiliser une application VPN sur les box Android, pour \u00e9viter le blocage de votre abonnement, par votre fournisseur d\u2019acc\u00e8s internet. Finalement IPTV est compatible avec une multitude d\u2019appareils et de syst\u00e8mes d\u2019exploitation. et bien adapt\u00e9 pour les box Android pour une utilisation facile et agr\u00e9able.","og_url":"https:\/\/subtv.fr\/index.php\/a-propos\/","og_site_name":"Subtv","article_modified_time":"2023-10-17T14:42:29+00:00","twitter_card":"summary_large_image","twitter_misc":{"Dur\u00e9e de lecture estim\u00e9e":"2 minutes"},"schema":{"@context":"https:\/\/schema.org","@graph":[{"@type":"WebPage","@id":"https:\/\/subtv.fr\/index.php\/a-propos\/","url":"https:\/\/subtv.fr\/index.php\/a-propos\/","name":"A propos - Subtv","isPartOf":{"@id":"https:\/\/subtv.fr\/#website"},"datePublished":"2023-10-17T14:41:19+00:00","dateModified":"2023-10-17T14:42:29+00:00","breadcrumb":{"@id":"https:\/\/subtv.fr\/index.php\/a-propos\/#breadcrumb"},"inLanguage":"fr-FR","potentialAction":[{"@type":"ReadAction","target":["https:\/\/subtv.fr\/index.php\/a-propos\/"]}]},{"@type":"BreadcrumbList","@id":"https:\/\/subtv.fr\/index.php\/a-propos\/#breadcrumb","itemListElement":[{"@type":"ListItem","position":1,"name":"Accueil","item":"https:\/\/subtv.fr\/"},{"@type":"ListItem","position":2,"name":"A propos"}]},{"@type":"WebSite","@id":"https:\/\/subtv.fr\/#website","url":"https:\/\/subtv.fr\/","name":"Subtv","description":"MEILLEUR ABONNEMENT IPTV N\u00b01 EN FRANCE &amp; Europe","publisher":{"@id":"https:\/\/subtv.fr\/#organization"},"potentialAction":[{"@type":"SearchAction","target":{"@type":"EntryPoint","urlTemplate":"https:\/\/subtv.fr\/?s={search_term_string}"},"query-input":{"@type":"PropertyValueSpecification","valueRequired":true,"valueName":"search_term_string"}}],"inLanguage":"fr-FR"},{"@type":["Organization","Place"],"@id":"https:\/\/subtv.fr\/#organization","name":"Subtv","url":"https:\/\/subtv.fr\/","logo":{"@id":"https:\/\/subtv.fr\/index.php\/a-propos\/#local-main-organization-logo"},"image":{"@id":"https:\/\/subtv.fr\/index.php\/a-propos\/#local-main-organization-logo"},"openingHoursSpecification":[{"@type":"OpeningHoursSpecification","dayOfWeek":["Monday","Tuesday","Wednesday","Thursday","Friday","Saturday","Sunday"],"opens":"09:00","closes":"17:00"}]},{"@type":"ImageObject","inLanguage":"fr-FR","@id":"https:\/\/subtv.fr\/index.php\/a-propos\/#local-main-organization-logo","url":"https:\/\/subtv.fr\/wp-content\/uploads\/2023\/04\/cropped-subtv-2.png","contentUrl":"https:\/\/subtv.fr\/wp-content\/uploads\/2023\/04\/cropped-subtv-2.png","width":100,"height":100,"caption":"Subtv"}]}},"_links":{"self":[{"href":"https:\/\/subtv.fr\/index.php\/wp-json\/wp\/v2\/pages\/1245"}],"collection":[{"href":"https:\/\/subtv.fr\/index.php\/wp-json\/wp\/v2\/pages"}],"about":[{"href":"https:\/\/subtv.fr\/index.php\/wp-json\/wp\/v2\/types\/page"}],"author":[{"embeddable":true,"href":"https:\/\/subtv.fr\/index.php\/wp-json\/wp\/v2\/users\/1"}],"replies":[{"embeddable":true,"href":"https:\/\/subtv.fr\/index.php\/wp-json\/wp\/v2\/comments?post=1245"}],"version-history":[{"count":7,"href":"https:\/\/subtv.fr\/index.php\/wp-json\/wp\/v2\/pages\/1245\/revisions"}],"predecessor-version":[{"id":1253,"href":"https:\/\/subtv.fr\/index.php\/wp-json\/wp\/v2\/pages\/1245\/revisions\/1253"}],"wp:attachment":[{"href":"https:\/\/subtv.fr\/index.php\/wp-json\/wp\/v2\/media?parent=1245"}],"curies":[{"name":"wp","href":"https:\/\/api.w.org\/{rel}","templated":true}]}}