{"id":1284,"date":"2023-10-17T16:59:59","date_gmt":"2023-10-17T14:59:59","guid":{"rendered":"https:\/\/subtv.fr\/?page_id=1284"},"modified":"2023-10-17T17:07:40","modified_gmt":"2023-10-17T15:07:40","slug":"politique-de-remboursement","status":"publish","type":"page","link":"https:\/\/subtv.fr\/index.php\/politique-de-remboursement\/","title":{"rendered":"Politique De Remboursement"},"content":{"rendered":"\t\t<div data-elementor-type=\"wp-page\" data-elementor-id=\"1284\" class=\"elementor elementor-1284\" data-elementor-post-type=\"page\">\n\t\t\t\t<div class=\"elementor-element elementor-element-94fa9e1 e-flex e-con-boxed wpr-particle-no wpr-jarallax-no wpr-parallax-no wpr-sticky-section-no wpr-equal-height-no e-con e-parent\" data-id=\"94fa9e1\" data-element_type=\"container\">\n\t\t\t\t\t<div class=\"e-con-inner\">\n\t\t\t\t<div class=\"elementor-element elementor-element-39a59ca elementor-widget elementor-widget-text-editor\" data-id=\"39a59ca\" data-element_type=\"widget\" data-widget_type=\"text-editor.default\">\n\t\t\t\t<div class=\"elementor-widget-container\">\n\t\t\t\t\t\t\t\t\t<p class=\"two_elementor_element\">Tout d\u2019abord, nous tenons \u00e0 vous remercier de l\u2019int\u00e9r\u00eat que vous portez \u00e0 nos produits. C\u2019est pourquoi nous tenons \u00e0 vous informer de notre politique de remboursement, comme indiqu\u00e9 ci-dessous.<\/p><p class=\"two_elementor_element\">Apr\u00e8s l\u2019activation, nous n\u2019offrons aucun remboursement et n\u2019effectuons aucune modification.<br class=\"two_elementor_element\" \/>En fait, chez\u00a0<a href=\"https:\/\/subtv.fr\/\"><strong class=\"two_elementor_element\">subtv.fr<\/strong><\/a>\u00a0nous sommes seulement responsables de l\u2019activation de l\u2019abonnement pour la p\u00e9riode convenue.<\/p><p class=\"two_elementor_element\">De plus, nous vous enverrons une capture d\u2019\u00e9cran de notre panneau \u00e0 votre email.<\/p><p class=\"two_elementor_element\">Il s\u2019agit certainement d\u2019une preuve que votre abonnement est activ\u00e9 pour la m\u00eame p\u00e9riode que celle que vous avez achet\u00e9e.<\/p><p class=\"two_elementor_element\">Nous activons et envoyons les abonnements IPTV et les panneaux de revendeurs IPTV dans les 24 heures suivant la commande.<\/p><p class=\"two_elementor_element\">Veillez \u00e0 nous fournir le type d\u2019appareil sur lequel vous allez utiliser votre abonnement IPTV.<\/p><p class=\"two_elementor_element\">Si nous ne recevons pas les informations sur l\u2019appareil dans les notes de commande, nous activerons et enverrons la liste m3u.<\/p><p class=\"two_elementor_element\">Il est certain qu\u2019il ne sera pas possible de changer la liste m3u en un autre format \u00e0 l\u2019avenir.<\/p><p class=\"two_elementor_element\">N\u00e9anmoins, ici, sur <a href=\"https:\/\/subtv.fr\/\">subtv.fr<\/a> <strong class=\"two_elementor_element\">\u00a0<\/strong>nous n\u2019avons aucun contr\u00f4le sur le contenu fourni ou sur toute autre question li\u00e9e \u00e0 la nature de l\u2019IPTV.<\/p><p class=\"two_elementor_element\">Enfin, n\u2019h\u00e9sitez pas \u00e0 nous contacter pour toute question relative \u00e0 notre politique de remboursement.<\/p>\t\t\t\t\t\t\t\t<\/div>\n\t\t\t\t<\/div>\n\t\t\t\t\t<\/div>\n\t\t\t\t<\/div>\n\t\t\t\t<\/div>\n\t\t","protected":false},"excerpt":{"rendered":"<p>Tout d\u2019abord, nous tenons \u00e0 vous remercier de l\u2019int\u00e9r\u00eat que vous portez \u00e0 nos produits. C\u2019est pourquoi nous tenons \u00e0 vous informer de notre politique de remboursement, comme indiqu\u00e9 ci-dessous. Apr\u00e8s l\u2019activation, nous n\u2019offrons aucun remboursement et n\u2019effectuons aucune modification.En fait, chez\u00a0subtv.fr\u00a0nous sommes seulement responsables de l\u2019activation de l\u2019abonnement pour la p\u00e9riode convenue. De plus, nous vous enverrons une capture d\u2019\u00e9cran de notre panneau \u00e0 votre email. Il s\u2019agit certainement d\u2019une preuve que votre abonnement est activ\u00e9 pour la m\u00eame p\u00e9riode que celle que vous avez achet\u00e9e. Nous activons et envoyons les abonnements IPTV et les panneaux de revendeurs IPTV dans les 24 heures suivant la commande. Veillez \u00e0 nous fournir le type d\u2019appareil sur lequel vous allez utiliser votre abonnement IPTV. Si nous ne recevons pas les informations sur l\u2019appareil dans les notes de commande, nous activerons et enverrons la liste m3u. Il est certain qu\u2019il ne sera pas possible de changer la liste m3u en un autre format \u00e0 l\u2019avenir. N\u00e9anmoins, ici, sur subtv.fr \u00a0nous n\u2019avons aucun contr\u00f4le sur le contenu fourni ou sur toute autre question li\u00e9e \u00e0 la nature de l\u2019IPTV. Enfin, n\u2019h\u00e9sitez pas \u00e0 nous contacter pour toute question relative \u00e0 notre politique de remboursement.<\/p>\n","protected":false},"author":1,"featured_media":0,"parent":0,"menu_order":0,"comment_status":"closed","ping_status":"closed","template":"","meta":{"two_page_speed":[],"footnotes":""},"yoast_head":"<!-- This site is optimized with the Yoast SEO Premium plugin v22.8 (Yoast SEO v24.5) - https:\/\/yoast.com\/wordpress\/plugins\/seo\/ -->\n<title>Politique De Remboursement - Subtv<\/title>\n<meta name=\"robots\" content=\"index, follow, max-snippet:-1, max-image-preview:large, max-video-preview:-1\" \/>\n<link rel=\"canonical\" href=\"https:\/\/subtv.fr\/index.php\/politique-de-remboursement\/\" \/>\n<meta property=\"og:locale\" content=\"fr_FR\" \/>\n<meta property=\"og:type\" content=\"article\" \/>\n<meta property=\"og:title\" content=\"Politique De Remboursement\" \/>\n<meta property=\"og:description\" content=\"Tout d\u2019abord, nous tenons \u00e0 vous remercier de l\u2019int\u00e9r\u00eat que vous portez \u00e0 nos produits. C\u2019est pourquoi nous tenons \u00e0 vous informer de notre politique de remboursement, comme indiqu\u00e9 ci-dessous. Apr\u00e8s l\u2019activation, nous n\u2019offrons aucun remboursement et n\u2019effectuons aucune modification.En fait, chez\u00a0subtv.fr\u00a0nous sommes seulement responsables de l\u2019activation de l\u2019abonnement pour la p\u00e9riode convenue. De plus, nous vous enverrons une capture d\u2019\u00e9cran de notre panneau \u00e0 votre email. Il s\u2019agit certainement d\u2019une preuve que votre abonnement est activ\u00e9 pour la m\u00eame p\u00e9riode que celle que vous avez achet\u00e9e. Nous activons et envoyons les abonnements IPTV et les panneaux de revendeurs IPTV dans les 24 heures suivant la commande. Veillez \u00e0 nous fournir le type d\u2019appareil sur lequel vous allez utiliser votre abonnement IPTV. Si nous ne recevons pas les informations sur l\u2019appareil dans les notes de commande, nous activerons et enverrons la liste m3u. Il est certain qu\u2019il ne sera pas possible de changer la liste m3u en un autre format \u00e0 l\u2019avenir. N\u00e9anmoins, ici, sur subtv.fr \u00a0nous n\u2019avons aucun contr\u00f4le sur le contenu fourni ou sur toute autre question li\u00e9e \u00e0 la nature de l\u2019IPTV. Enfin, n\u2019h\u00e9sitez pas \u00e0 nous contacter pour toute question relative \u00e0 notre politique de remboursement.\" \/>\n<meta property=\"og:url\" content=\"https:\/\/subtv.fr\/index.php\/politique-de-remboursement\/\" \/>\n<meta property=\"og:site_name\" content=\"Subtv\" \/>\n<meta property=\"article:modified_time\" content=\"2023-10-17T15:07:40+00:00\" \/>\n<meta name=\"twitter:card\" content=\"summary_large_image\" \/>\n<meta name=\"twitter:label1\" content=\"Dur\u00e9e de lecture estim\u00e9e\" \/>\n\t<meta name=\"twitter:data1\" content=\"2 minutes\" \/>\n<script type=\"application\/ld+json\" class=\"yoast-schema-graph\">{\"@context\":\"https:\/\/schema.org\",\"@graph\":[{\"@type\":\"WebPage\",\"@id\":\"https:\/\/subtv.fr\/index.php\/politique-de-remboursement\/\",\"url\":\"https:\/\/subtv.fr\/index.php\/politique-de-remboursement\/\",\"name\":\"Politique De Remboursement - Subtv\",\"isPartOf\":{\"@id\":\"https:\/\/subtv.fr\/#website\"},\"datePublished\":\"2023-10-17T14:59:59+00:00\",\"dateModified\":\"2023-10-17T15:07:40+00:00\",\"breadcrumb\":{\"@id\":\"https:\/\/subtv.fr\/index.php\/politique-de-remboursement\/#breadcrumb\"},\"inLanguage\":\"fr-FR\",\"potentialAction\":[{\"@type\":\"ReadAction\",\"target\":[\"https:\/\/subtv.fr\/index.php\/politique-de-remboursement\/\"]}]},{\"@type\":\"BreadcrumbList\",\"@id\":\"https:\/\/subtv.fr\/index.php\/politique-de-remboursement\/#breadcrumb\",\"itemListElement\":[{\"@type\":\"ListItem\",\"position\":1,\"name\":\"Accueil\",\"item\":\"https:\/\/subtv.fr\/\"},{\"@type\":\"ListItem\",\"position\":2,\"name\":\"Politique De Remboursement\"}]},{\"@type\":\"WebSite\",\"@id\":\"https:\/\/subtv.fr\/#website\",\"url\":\"https:\/\/subtv.fr\/\",\"name\":\"Subtv\",\"description\":\"MEILLEUR ABONNEMENT IPTV N\u00b01 EN FRANCE &amp; Europe\",\"publisher\":{\"@id\":\"https:\/\/subtv.fr\/#organization\"},\"potentialAction\":[{\"@type\":\"SearchAction\",\"target\":{\"@type\":\"EntryPoint\",\"urlTemplate\":\"https:\/\/subtv.fr\/?s={search_term_string}\"},\"query-input\":{\"@type\":\"PropertyValueSpecification\",\"valueRequired\":true,\"valueName\":\"search_term_string\"}}],\"inLanguage\":\"fr-FR\"},{\"@type\":[\"Organization\",\"Place\"],\"@id\":\"https:\/\/subtv.fr\/#organization\",\"name\":\"Subtv\",\"url\":\"https:\/\/subtv.fr\/\",\"logo\":{\"@id\":\"https:\/\/subtv.fr\/index.php\/politique-de-remboursement\/#local-main-organization-logo\"},\"image\":{\"@id\":\"https:\/\/subtv.fr\/index.php\/politique-de-remboursement\/#local-main-organization-logo\"},\"openingHoursSpecification\":[{\"@type\":\"OpeningHoursSpecification\",\"dayOfWeek\":[\"Monday\",\"Tuesday\",\"Wednesday\",\"Thursday\",\"Friday\",\"Saturday\",\"Sunday\"],\"opens\":\"09:00\",\"closes\":\"17:00\"}]},{\"@type\":\"ImageObject\",\"inLanguage\":\"fr-FR\",\"@id\":\"https:\/\/subtv.fr\/index.php\/politique-de-remboursement\/#local-main-organization-logo\",\"url\":\"https:\/\/subtv.fr\/wp-content\/uploads\/2023\/04\/cropped-subtv-2.png\",\"contentUrl\":\"https:\/\/subtv.fr\/wp-content\/uploads\/2023\/04\/cropped-subtv-2.png\",\"width\":100,\"height\":100,\"caption\":\"Subtv\"}]}<\/script>\n<!-- \/ Yoast SEO Premium plugin. -->","yoast_head_json":{"title":"Politique De Remboursement - Subtv","robots":{"index":"index","follow":"follow","max-snippet":"max-snippet:-1","max-image-preview":"max-image-preview:large","max-video-preview":"max-video-preview:-1"},"canonical":"https:\/\/subtv.fr\/index.php\/politique-de-remboursement\/","og_locale":"fr_FR","og_type":"article","og_title":"Politique De Remboursement","og_description":"Tout d\u2019abord, nous tenons \u00e0 vous remercier de l\u2019int\u00e9r\u00eat que vous portez \u00e0 nos produits. C\u2019est pourquoi nous tenons \u00e0 vous informer de notre politique de remboursement, comme indiqu\u00e9 ci-dessous. Apr\u00e8s l\u2019activation, nous n\u2019offrons aucun remboursement et n\u2019effectuons aucune modification.En fait, chez\u00a0subtv.fr\u00a0nous sommes seulement responsables de l\u2019activation de l\u2019abonnement pour la p\u00e9riode convenue. De plus, nous vous enverrons une capture d\u2019\u00e9cran de notre panneau \u00e0 votre email. Il s\u2019agit certainement d\u2019une preuve que votre abonnement est activ\u00e9 pour la m\u00eame p\u00e9riode que celle que vous avez achet\u00e9e. Nous activons et envoyons les abonnements IPTV et les panneaux de revendeurs IPTV dans les 24 heures suivant la commande. Veillez \u00e0 nous fournir le type d\u2019appareil sur lequel vous allez utiliser votre abonnement IPTV. Si nous ne recevons pas les informations sur l\u2019appareil dans les notes de commande, nous activerons et enverrons la liste m3u. Il est certain qu\u2019il ne sera pas possible de changer la liste m3u en un autre format \u00e0 l\u2019avenir. N\u00e9anmoins, ici, sur subtv.fr \u00a0nous n\u2019avons aucun contr\u00f4le sur le contenu fourni ou sur toute autre question li\u00e9e \u00e0 la nature de l\u2019IPTV. Enfin, n\u2019h\u00e9sitez pas \u00e0 nous contacter pour toute question relative \u00e0 notre politique de remboursement.","og_url":"https:\/\/subtv.fr\/index.php\/politique-de-remboursement\/","og_site_name":"Subtv","article_modified_time":"2023-10-17T15:07:40+00:00","twitter_card":"summary_large_image","twitter_misc":{"Dur\u00e9e de lecture estim\u00e9e":"2 minutes"},"schema":{"@context":"https:\/\/schema.org","@graph":[{"@type":"WebPage","@id":"https:\/\/subtv.fr\/index.php\/politique-de-remboursement\/","url":"https:\/\/subtv.fr\/index.php\/politique-de-remboursement\/","name":"Politique De Remboursement - Subtv","isPartOf":{"@id":"https:\/\/subtv.fr\/#website"},"datePublished":"2023-10-17T14:59:59+00:00","dateModified":"2023-10-17T15:07:40+00:00","breadcrumb":{"@id":"https:\/\/subtv.fr\/index.php\/politique-de-remboursement\/#breadcrumb"},"inLanguage":"fr-FR","potentialAction":[{"@type":"ReadAction","target":["https:\/\/subtv.fr\/index.php\/politique-de-remboursement\/"]}]},{"@type":"BreadcrumbList","@id":"https:\/\/subtv.fr\/index.php\/politique-de-remboursement\/#breadcrumb","itemListElement":[{"@type":"ListItem","position":1,"name":"Accueil","item":"https:\/\/subtv.fr\/"},{"@type":"ListItem","position":2,"name":"Politique De Remboursement"}]},{"@type":"WebSite","@id":"https:\/\/subtv.fr\/#website","url":"https:\/\/subtv.fr\/","name":"Subtv","description":"MEILLEUR ABONNEMENT IPTV N\u00b01 EN FRANCE &amp; Europe","publisher":{"@id":"https:\/\/subtv.fr\/#organization"},"potentialAction":[{"@type":"SearchAction","target":{"@type":"EntryPoint","urlTemplate":"https:\/\/subtv.fr\/?s={search_term_string}"},"query-input":{"@type":"PropertyValueSpecification","valueRequired":true,"valueName":"search_term_string"}}],"inLanguage":"fr-FR"},{"@type":["Organization","Place"],"@id":"https:\/\/subtv.fr\/#organization","name":"Subtv","url":"https:\/\/subtv.fr\/","logo":{"@id":"https:\/\/subtv.fr\/index.php\/politique-de-remboursement\/#local-main-organization-logo"},"image":{"@id":"https:\/\/subtv.fr\/index.php\/politique-de-remboursement\/#local-main-organization-logo"},"openingHoursSpecification":[{"@type":"OpeningHoursSpecification","dayOfWeek":["Monday","Tuesday","Wednesday","Thursday","Friday","Saturday","Sunday"],"opens":"09:00","closes":"17:00"}]},{"@type":"ImageObject","inLanguage":"fr-FR","@id":"https:\/\/subtv.fr\/index.php\/politique-de-remboursement\/#local-main-organization-logo","url":"https:\/\/subtv.fr\/wp-content\/uploads\/2023\/04\/cropped-subtv-2.png","contentUrl":"https:\/\/subtv.fr\/wp-content\/uploads\/2023\/04\/cropped-subtv-2.png","width":100,"height":100,"caption":"Subtv"}]}},"_links":{"self":[{"href":"https:\/\/subtv.fr\/index.php\/wp-json\/wp\/v2\/pages\/1284"}],"collection":[{"href":"https:\/\/subtv.fr\/index.php\/wp-json\/wp\/v2\/pages"}],"about":[{"href":"https:\/\/subtv.fr\/index.php\/wp-json\/wp\/v2\/types\/page"}],"author":[{"embeddable":true,"href":"https:\/\/subtv.fr\/index.php\/wp-json\/wp\/v2\/users\/1"}],"replies":[{"embeddable":true,"href":"https:\/\/subtv.fr\/index.php\/wp-json\/wp\/v2\/comments?post=1284"}],"version-history":[{"count":13,"href":"https:\/\/subtv.fr\/index.php\/wp-json\/wp\/v2\/pages\/1284\/revisions"}],"predecessor-version":[{"id":1304,"href":"https:\/\/subtv.fr\/index.php\/wp-json\/wp\/v2\/pages\/1284\/revisions\/1304"}],"wp:attachment":[{"href":"https:\/\/subtv.fr\/index.php\/wp-json\/wp\/v2\/media?parent=1284"}],"curies":[{"name":"wp","href":"https:\/\/api.w.org\/{rel}","templated":true}]}}