{"id":3,"date":"2023-10-16T12:54:06","date_gmt":"2023-10-16T10:54:06","guid":{"rendered":"https:\/\/subtv.fr\/?page_id=3"},"modified":"2023-10-17T17:15:26","modified_gmt":"2023-10-17T15:15:26","slug":"politique-de-confidentialite","status":"publish","type":"page","link":"https:\/\/subtv.fr\/index.php\/politique-de-confidentialite\/","title":{"rendered":"Politique de confidentialit\u00e9"},"content":{"rendered":"\t\t<div data-elementor-type=\"wp-page\" data-elementor-id=\"3\" class=\"elementor elementor-3\" data-elementor-post-type=\"page\">\n\t\t\t\t<div class=\"elementor-element elementor-element-d16e167 e-flex e-con-boxed wpr-particle-no wpr-jarallax-no wpr-parallax-no wpr-sticky-section-no wpr-equal-height-no e-con e-parent\" data-id=\"d16e167\" data-element_type=\"container\">\n\t\t\t\t\t<div class=\"e-con-inner\">\n\t\t\t\t\t<\/div>\n\t\t\t\t<\/div>\n\t\t<div class=\"elementor-element elementor-element-3cb21d4 e-flex e-con-boxed wpr-particle-no wpr-jarallax-no wpr-parallax-no wpr-sticky-section-no wpr-equal-height-no e-con e-parent\" data-id=\"3cb21d4\" data-element_type=\"container\">\n\t\t\t\t\t<div class=\"e-con-inner\">\n\t\t\t\t<div class=\"elementor-element elementor-element-4fd9c5e elementor-widget elementor-widget-text-editor\" data-id=\"4fd9c5e\" data-element_type=\"widget\" data-widget_type=\"text-editor.default\">\n\t\t\t\t<div class=\"elementor-widget-container\">\n\t\t\t\t\t\t\t\t\t<div id=\"content\" class=\"site-content\">\n<div class=\"ast-container\">\n<div id=\"primary\" class=\"content-area primary\"><main id=\"main\" class=\"site-main\">\n<article id=\"post-72\" class=\"post-72 page type-page status-publish ast-article-single\">\n<div class=\"entry-content clear\">\n<div class=\"elementor elementor-72\" data-elementor-type=\"wp-page\" data-elementor-id=\"72\">\n<section class=\"elementor-section elementor-top-section elementor-element elementor-element-496008b elementor-section-boxed elementor-section-height-default elementor-section-height-default wpr-particle-no wpr-jarallax-no wpr-parallax-no wpr-sticky-section-no\" data-id=\"496008b\" data-element_type=\"section\">\n<div class=\"elementor-container elementor-column-gap-default two_elementor_element\">\n<div class=\"elementor-column elementor-col-100 elementor-top-column elementor-element elementor-element-a45b734 two_elementor_element\" data-id=\"a45b734\" data-element_type=\"column\">\n<div class=\"elementor-widget-wrap elementor-element-populated two_elementor_element\">\n<div class=\"elementor-element elementor-element-b956ee5 elementor-widget elementor-widget-text-editor two_elementor_element\" data-id=\"b956ee5\" data-element_type=\"widget\" data-widget_type=\"text-editor.default\">\n<div class=\"elementor-widget-container two_elementor_element\">\n<p class=\"two_elementor_element\"><strong class=\"two_elementor_element\">SUBTV.FR<\/strong>\u00a0identifie, recueille et traite les informations et les donn\u00e9es des utilisateurs sur la base des termes de la politique de confidentialit\u00e9 ci-dessous. Si vous d\u00e9cidez d\u2019utiliser notre site web, cela signifie automatiquement que vous \u00eates conscient et que vous acceptez les termes de notre politique de confidentialit\u00e9.<\/p>\n<h3 class=\"two_elementor_element\">D\u00e9finition des cookies et comment nous les traitons<\/h3>\n<p class=\"two_elementor_element\">Les cookies sont des fichiers mineurs ou de petite taille, g\u00e9n\u00e9ralement au format texte, stock\u00e9s par le navigateur que vous utilisez pour acc\u00e9der \u00e0 un site web sur votre appareil. Le navigateur transmet ensuite les cookies sp\u00e9cifiques li\u00e9s \u00e0 notre site web \u00e0 notre serveur uniquement si vous acc\u00e9dez ou visitez notre site web. La raison en est que les cookies nous aident \u00e0 am\u00e9liorer l\u2019efficacit\u00e9 et la qualit\u00e9 du site<strong class=\"two_elementor_element\"> SUBTV.FR<\/strong>. Les cookies sont disponibles dans les param\u00e8tres de votre navigateur, cependant, vous pouvez toujours changer cela dans les param\u00e8tres de votre navigateur.<\/p>\n<h3 class=\"two_elementor_element\">Quelles informations recueillons-nous et pourquoi ?<\/h3>\n<p class=\"two_elementor_element\">Parfois, il est important pour nous d\u2019identifier, de collecter et d\u2019analyser certaines informations concernant les pages que vous visitez sur notre site web, combien de temps vous y restez et combien de fois vous les visitez. Ces informations nous permettent d\u2019optimiser notre site web et de nous assurer qu\u2019<strong class=\"two_elementor_element\">SUBTV.FR<\/strong><span class=\"two_elementor_element\">\u00a0fournit en permanence une exp\u00e9rience utilisateur optimale.<\/span><\/p>\n<h3 class=\"two_elementor_element\">Utilisation des informations<\/h3>\n<p class=\"two_elementor_element\">En fait, nous apprenons des informations collect\u00e9es et utilisons ces informations pour augmenter la popularit\u00e9 des diff\u00e9rentes pages de notre site web, puisque la prise de conscience de ces informations nous aide \u00e0 faire les ajustements n\u00e9cessaires au contenu fourni sur notre site web.<\/p>\n<h3 class=\"two_elementor_element\">La possibilit\u00e9 d\u2019abus de piste (si elle se produit)<\/h3>\n<p class=\"two_elementor_element\">Dans de rares cas, la loi (ordonnance d\u2019un tribunal ou d\u2019un organisme charg\u00e9 de l\u2019application de la loi, par exemple) nous oblige \u00e0 divulguer certaines informations sp\u00e9cifiques dont nous pouvons disposer.<\/p>\n<h3 class=\"two_elementor_element\">Toute revendication de marque ou de propri\u00e9t\u00e9<\/h3>\n<p class=\"two_elementor_element\">En fait, tous les logos, slogans, marques ou toute autre propri\u00e9t\u00e9 trouv\u00e9e dans notre site web (Si trouv\u00e9) sont les propri\u00e9t\u00e9s de leurs marchands et propri\u00e9taires respectifs.\u00a0<a href=\"https:\/\/subtv.fr\/\"><strong class=\"two_elementor_element\">SUBTV.FR <\/strong><\/a><span class=\"two_elementor_element\">n\u2019est pas associ\u00e9 ou affili\u00e9 \u00e0 aucun d\u2019entre eux.<\/span><\/p>\n<h3 class=\"two_elementor_element\"><strong class=\"two_elementor_element\">Mesures de s\u00e9curit\u00e9 appropri\u00e9es et n\u00e9cessaires<\/strong><\/h3>\n<p class=\"two_elementor_element\">appropri\u00e9es et n\u00e9cessaires<br class=\"two_elementor_element\" \/>Certes, \u00e0\u00a0<strong class=\"two_elementor_element\">SUBTV.FR<\/strong><span class=\"two_elementor_element\">\u00a0nous vous assurons que nous ne fournissons que des Apps et des fichiers APK originaux sans aucun ajustement, virus ou aucune modification. N\u00e9anmoins, aucune de vos informations sensibles ou personnelles ne sera fournie \u00e0 un autre tiers sans avoir obtenu votre permission.<\/span><\/p>\n<h3 class=\"two_elementor_element\">Modifications et ajustements de notre politique de confidentialit\u00e9<\/h3>\n<p class=\"two_elementor_element\">Il est possible que nous puissions ajuster, changer ou modifier les termes de notre politique de confidentialit\u00e9 \u00e0 tout moment et sans aucun pr\u00e9avis. L\u2019utilisation des informations que nous recueillons actuellement est soumise \u00e0 la politique de confidentialit\u00e9 en vigueur au moment de l\u2019utilisation des informations. En tant qu\u2019utilisateur ou visiteur du site Web, vous \u00eates li\u00e9 par toutes les modifications apport\u00e9es \u00e0 notre politique de confidentialit\u00e9.<\/p>\n<\/div>\n<\/div>\n<\/div>\n<\/div>\n<\/div>\n<\/section>\n<\/div>\n<\/div>\n<\/article>\n<\/main><\/div>\n<\/div>\n<\/div>\n<footer id=\"colophon\" role=\"contentinfo\">\n<div class=\"footer-width-fixer\">\n<div class=\"elementor elementor-987\" data-elementor-type=\"wp-post\" data-elementor-id=\"987\">\n<section class=\"elementor-section elementor-top-section elementor-element elementor-element-fdedbb0 elementor-section-boxed elementor-section-height-default elementor-section-height-default wpr-particle-no wpr-jarallax-no wpr-parallax-no wpr-sticky-section-no\" data-id=\"fdedbb0\" data-element_type=\"section\">\n<div class=\"elementor-container elementor-column-gap-no two_elementor_element\">\n<div class=\"elementor-column elementor-col-100 elementor-top-column elementor-element elementor-element-3c862f2f two_elementor_element\" data-id=\"3c862f2f\" data-element_type=\"column\">\n<div class=\"elementor-widget-wrap elementor-element-populated two_elementor_element\">\n<div class=\"elementor-element elementor-element-6747d4a3 wpr-stt-btn-align-fixed wpr-stt-btn-align-fixed-right elementor-widget elementor-widget-wpr-back-to-top two_elementor_element\" data-id=\"6747d4a3\" data-element_type=\"widget\" data-widget_type=\"wpr-back-to-top.default\">\n<div class=\"elementor-widget-container two_elementor_element\">\n<div class=\"wpr-stt-wrapper two_elementor_element\">\n<div class=\"wpr-stt-btn two_elementor_element\" data-settings=\"{&quot;animation&quot;:&quot;fade&quot;,&quot;animationOffset&quot;:0,&quot;animationDuration&quot;:200,&quot;fixed&quot;:&quot;fixed&quot;,&quot;scrolAnim&quot;:800}\">\u00a0<\/div>\n<\/div>\n<\/div>\n<\/div>\n<\/div>\n<\/div>\n<\/div>\n<\/section>\n<\/div>\n<\/div>\n<\/footer>\t\t\t\t\t\t\t\t<\/div>\n\t\t\t\t<\/div>\n\t\t\t\t\t<\/div>\n\t\t\t\t<\/div>\n\t\t\t\t<\/div>\n\t\t","protected":false},"excerpt":{"rendered":"<p>SUBTV.FR\u00a0identifie, recueille et traite les informations et les donn\u00e9es des utilisateurs sur la base des termes de la politique de confidentialit\u00e9 ci-dessous. Si vous d\u00e9cidez d\u2019utiliser notre site web, cela signifie automatiquement que vous \u00eates conscient et que vous acceptez les termes de notre politique de confidentialit\u00e9. D\u00e9finition des cookies et comment nous les traitons Les cookies sont des fichiers mineurs ou de petite taille, g\u00e9n\u00e9ralement au format texte, stock\u00e9s par le navigateur que vous utilisez pour acc\u00e9der \u00e0 un site web sur votre appareil. Le navigateur transmet ensuite les cookies sp\u00e9cifiques li\u00e9s \u00e0 notre site web \u00e0 notre serveur uniquement si vous acc\u00e9dez ou visitez notre site web. La raison en est que les cookies nous aident \u00e0 am\u00e9liorer l\u2019efficacit\u00e9 et la qualit\u00e9 du site SUBTV.FR. Les cookies sont disponibles dans les param\u00e8tres de votre navigateur, cependant, vous pouvez toujours changer cela dans les param\u00e8tres de votre navigateur. Quelles informations recueillons-nous et pourquoi ? Parfois, il est important pour nous d\u2019identifier, de collecter et d\u2019analyser certaines informations concernant les pages que vous visitez sur notre site web, combien de temps vous y restez et combien de fois vous les visitez. Ces informations nous permettent d\u2019optimiser notre site web et de nous assurer qu\u2019SUBTV.FR\u00a0fournit en permanence une exp\u00e9rience utilisateur optimale. Utilisation des informations En fait, nous apprenons des informations collect\u00e9es et utilisons ces informations pour augmenter la popularit\u00e9 des diff\u00e9rentes pages de notre site web, puisque la prise de conscience de ces informations nous aide \u00e0 faire les ajustements n\u00e9cessaires au contenu fourni sur notre site web. La possibilit\u00e9 d\u2019abus de piste (si elle se produit) Dans de rares cas, la loi (ordonnance d\u2019un tribunal ou d\u2019un organisme charg\u00e9 de l\u2019application de la loi, par exemple) nous oblige \u00e0 divulguer certaines informations sp\u00e9cifiques dont nous pouvons disposer. Toute revendication de marque ou de propri\u00e9t\u00e9 En fait, tous les logos, slogans, marques ou toute autre propri\u00e9t\u00e9 trouv\u00e9e dans notre site web (Si trouv\u00e9) sont les propri\u00e9t\u00e9s de leurs marchands et propri\u00e9taires respectifs.\u00a0SUBTV.FR n\u2019est pas associ\u00e9 ou affili\u00e9 \u00e0 aucun d\u2019entre eux. Mesures de s\u00e9curit\u00e9 appropri\u00e9es et n\u00e9cessaires appropri\u00e9es et n\u00e9cessairesCertes, \u00e0\u00a0SUBTV.FR\u00a0nous vous assurons que nous ne fournissons que des Apps et des fichiers APK originaux sans aucun ajustement, virus ou aucune modification. N\u00e9anmoins, aucune de vos informations sensibles ou personnelles ne sera fournie \u00e0 un autre tiers sans avoir obtenu votre permission. Modifications et ajustements de notre politique de confidentialit\u00e9 Il est possible que nous puissions ajuster, changer ou modifier les termes de notre politique de confidentialit\u00e9 \u00e0 tout moment et sans aucun pr\u00e9avis. L\u2019utilisation des informations que nous recueillons actuellement est soumise \u00e0 la politique de confidentialit\u00e9 en vigueur au moment de l\u2019utilisation des informations. En tant qu\u2019utilisateur ou visiteur du site Web, vous \u00eates li\u00e9 par toutes les modifications apport\u00e9es \u00e0 notre politique de confidentialit\u00e9. \u00a0<\/p>\n","protected":false},"author":1,"featured_media":0,"parent":0,"menu_order":0,"comment_status":"closed","ping_status":"open","template":"","meta":{"two_page_speed":[],"footnotes":""},"yoast_head":"<!-- This site is optimized with the Yoast SEO Premium plugin v22.8 (Yoast SEO v24.5) - https:\/\/yoast.com\/wordpress\/plugins\/seo\/ -->\n<title>Politique de confidentialit\u00e9 - Subtv<\/title>\n<meta name=\"robots\" content=\"index, follow, max-snippet:-1, max-image-preview:large, max-video-preview:-1\" \/>\n<link rel=\"canonical\" href=\"https:\/\/subtv.fr\/index.php\/politique-de-confidentialite\/\" \/>\n<meta property=\"og:locale\" content=\"fr_FR\" \/>\n<meta property=\"og:type\" content=\"article\" \/>\n<meta property=\"og:title\" content=\"Politique de confidentialit\u00e9\" \/>\n<meta property=\"og:description\" content=\"SUBTV.FR\u00a0identifie, recueille et traite les informations et les donn\u00e9es des utilisateurs sur la base des termes de la politique de confidentialit\u00e9 ci-dessous. Si vous d\u00e9cidez d\u2019utiliser notre site web, cela signifie automatiquement que vous \u00eates conscient et que vous acceptez les termes de notre politique de confidentialit\u00e9. D\u00e9finition des cookies et comment nous les traitons Les cookies sont des fichiers mineurs ou de petite taille, g\u00e9n\u00e9ralement au format texte, stock\u00e9s par le navigateur que vous utilisez pour acc\u00e9der \u00e0 un site web sur votre appareil. Le navigateur transmet ensuite les cookies sp\u00e9cifiques li\u00e9s \u00e0 notre site web \u00e0 notre serveur uniquement si vous acc\u00e9dez ou visitez notre site web. La raison en est que les cookies nous aident \u00e0 am\u00e9liorer l\u2019efficacit\u00e9 et la qualit\u00e9 du site SUBTV.FR. Les cookies sont disponibles dans les param\u00e8tres de votre navigateur, cependant, vous pouvez toujours changer cela dans les param\u00e8tres de votre navigateur. Quelles informations recueillons-nous et pourquoi ? Parfois, il est important pour nous d\u2019identifier, de collecter et d\u2019analyser certaines informations concernant les pages que vous visitez sur notre site web, combien de temps vous y restez et combien de fois vous les visitez. Ces informations nous permettent d\u2019optimiser notre site web et de nous assurer qu\u2019SUBTV.FR\u00a0fournit en permanence une exp\u00e9rience utilisateur optimale. Utilisation des informations En fait, nous apprenons des informations collect\u00e9es et utilisons ces informations pour augmenter la popularit\u00e9 des diff\u00e9rentes pages de notre site web, puisque la prise de conscience de ces informations nous aide \u00e0 faire les ajustements n\u00e9cessaires au contenu fourni sur notre site web. La possibilit\u00e9 d\u2019abus de piste (si elle se produit) Dans de rares cas, la loi (ordonnance d\u2019un tribunal ou d\u2019un organisme charg\u00e9 de l\u2019application de la loi, par exemple) nous oblige \u00e0 divulguer certaines informations sp\u00e9cifiques dont nous pouvons disposer. Toute revendication de marque ou de propri\u00e9t\u00e9 En fait, tous les logos, slogans, marques ou toute autre propri\u00e9t\u00e9 trouv\u00e9e dans notre site web (Si trouv\u00e9) sont les propri\u00e9t\u00e9s de leurs marchands et propri\u00e9taires respectifs.\u00a0SUBTV.FR n\u2019est pas associ\u00e9 ou affili\u00e9 \u00e0 aucun d\u2019entre eux. Mesures de s\u00e9curit\u00e9 appropri\u00e9es et n\u00e9cessaires appropri\u00e9es et n\u00e9cessairesCertes, \u00e0\u00a0SUBTV.FR\u00a0nous vous assurons que nous ne fournissons que des Apps et des fichiers APK originaux sans aucun ajustement, virus ou aucune modification. N\u00e9anmoins, aucune de vos informations sensibles ou personnelles ne sera fournie \u00e0 un autre tiers sans avoir obtenu votre permission. Modifications et ajustements de notre politique de confidentialit\u00e9 Il est possible que nous puissions ajuster, changer ou modifier les termes de notre politique de confidentialit\u00e9 \u00e0 tout moment et sans aucun pr\u00e9avis. L\u2019utilisation des informations que nous recueillons actuellement est soumise \u00e0 la politique de confidentialit\u00e9 en vigueur au moment de l\u2019utilisation des informations. En tant qu\u2019utilisateur ou visiteur du site Web, vous \u00eates li\u00e9 par toutes les modifications apport\u00e9es \u00e0 notre politique de confidentialit\u00e9. \u00a0\" \/>\n<meta property=\"og:url\" content=\"https:\/\/subtv.fr\/index.php\/politique-de-confidentialite\/\" \/>\n<meta property=\"og:site_name\" content=\"Subtv\" \/>\n<meta property=\"article:modified_time\" content=\"2023-10-17T15:15:26+00:00\" \/>\n<meta name=\"twitter:card\" content=\"summary_large_image\" \/>\n<meta name=\"twitter:label1\" content=\"Dur\u00e9e de lecture estim\u00e9e\" \/>\n\t<meta name=\"twitter:data1\" content=\"5 minutes\" \/>\n<script type=\"application\/ld+json\" class=\"yoast-schema-graph\">{\"@context\":\"https:\/\/schema.org\",\"@graph\":[{\"@type\":\"WebPage\",\"@id\":\"https:\/\/subtv.fr\/index.php\/politique-de-confidentialite\/\",\"url\":\"https:\/\/subtv.fr\/index.php\/politique-de-confidentialite\/\",\"name\":\"Politique de confidentialit\u00e9 - Subtv\",\"isPartOf\":{\"@id\":\"https:\/\/subtv.fr\/#website\"},\"datePublished\":\"2023-10-16T10:54:06+00:00\",\"dateModified\":\"2023-10-17T15:15:26+00:00\",\"breadcrumb\":{\"@id\":\"https:\/\/subtv.fr\/index.php\/politique-de-confidentialite\/#breadcrumb\"},\"inLanguage\":\"fr-FR\",\"potentialAction\":[{\"@type\":\"ReadAction\",\"target\":[\"https:\/\/subtv.fr\/index.php\/politique-de-confidentialite\/\"]}]},{\"@type\":\"BreadcrumbList\",\"@id\":\"https:\/\/subtv.fr\/index.php\/politique-de-confidentialite\/#breadcrumb\",\"itemListElement\":[{\"@type\":\"ListItem\",\"position\":1,\"name\":\"Accueil\",\"item\":\"https:\/\/subtv.fr\/\"},{\"@type\":\"ListItem\",\"position\":2,\"name\":\"Politique de confidentialit\u00e9\"}]},{\"@type\":\"WebSite\",\"@id\":\"https:\/\/subtv.fr\/#website\",\"url\":\"https:\/\/subtv.fr\/\",\"name\":\"Subtv\",\"description\":\"MEILLEUR ABONNEMENT IPTV N\u00b01 EN FRANCE &amp; Europe\",\"publisher\":{\"@id\":\"https:\/\/subtv.fr\/#organization\"},\"potentialAction\":[{\"@type\":\"SearchAction\",\"target\":{\"@type\":\"EntryPoint\",\"urlTemplate\":\"https:\/\/subtv.fr\/?s={search_term_string}\"},\"query-input\":{\"@type\":\"PropertyValueSpecification\",\"valueRequired\":true,\"valueName\":\"search_term_string\"}}],\"inLanguage\":\"fr-FR\"},{\"@type\":[\"Organization\",\"Place\"],\"@id\":\"https:\/\/subtv.fr\/#organization\",\"name\":\"Subtv\",\"url\":\"https:\/\/subtv.fr\/\",\"logo\":{\"@id\":\"https:\/\/subtv.fr\/index.php\/politique-de-confidentialite\/#local-main-organization-logo\"},\"image\":{\"@id\":\"https:\/\/subtv.fr\/index.php\/politique-de-confidentialite\/#local-main-organization-logo\"},\"openingHoursSpecification\":[{\"@type\":\"OpeningHoursSpecification\",\"dayOfWeek\":[\"Monday\",\"Tuesday\",\"Wednesday\",\"Thursday\",\"Friday\",\"Saturday\",\"Sunday\"],\"opens\":\"09:00\",\"closes\":\"17:00\"}]},{\"@type\":\"ImageObject\",\"inLanguage\":\"fr-FR\",\"@id\":\"https:\/\/subtv.fr\/index.php\/politique-de-confidentialite\/#local-main-organization-logo\",\"url\":\"https:\/\/subtv.fr\/wp-content\/uploads\/2023\/04\/cropped-subtv-2.png\",\"contentUrl\":\"https:\/\/subtv.fr\/wp-content\/uploads\/2023\/04\/cropped-subtv-2.png\",\"width\":100,\"height\":100,\"caption\":\"Subtv\"}]}<\/script>\n<!-- \/ Yoast SEO Premium plugin. -->","yoast_head_json":{"title":"Politique de confidentialit\u00e9 - Subtv","robots":{"index":"index","follow":"follow","max-snippet":"max-snippet:-1","max-image-preview":"max-image-preview:large","max-video-preview":"max-video-preview:-1"},"canonical":"https:\/\/subtv.fr\/index.php\/politique-de-confidentialite\/","og_locale":"fr_FR","og_type":"article","og_title":"Politique de confidentialit\u00e9","og_description":"SUBTV.FR\u00a0identifie, recueille et traite les informations et les donn\u00e9es des utilisateurs sur la base des termes de la politique de confidentialit\u00e9 ci-dessous. Si vous d\u00e9cidez d\u2019utiliser notre site web, cela signifie automatiquement que vous \u00eates conscient et que vous acceptez les termes de notre politique de confidentialit\u00e9. D\u00e9finition des cookies et comment nous les traitons Les cookies sont des fichiers mineurs ou de petite taille, g\u00e9n\u00e9ralement au format texte, stock\u00e9s par le navigateur que vous utilisez pour acc\u00e9der \u00e0 un site web sur votre appareil. Le navigateur transmet ensuite les cookies sp\u00e9cifiques li\u00e9s \u00e0 notre site web \u00e0 notre serveur uniquement si vous acc\u00e9dez ou visitez notre site web. La raison en est que les cookies nous aident \u00e0 am\u00e9liorer l\u2019efficacit\u00e9 et la qualit\u00e9 du site SUBTV.FR. Les cookies sont disponibles dans les param\u00e8tres de votre navigateur, cependant, vous pouvez toujours changer cela dans les param\u00e8tres de votre navigateur. Quelles informations recueillons-nous et pourquoi ? Parfois, il est important pour nous d\u2019identifier, de collecter et d\u2019analyser certaines informations concernant les pages que vous visitez sur notre site web, combien de temps vous y restez et combien de fois vous les visitez. Ces informations nous permettent d\u2019optimiser notre site web et de nous assurer qu\u2019SUBTV.FR\u00a0fournit en permanence une exp\u00e9rience utilisateur optimale. Utilisation des informations En fait, nous apprenons des informations collect\u00e9es et utilisons ces informations pour augmenter la popularit\u00e9 des diff\u00e9rentes pages de notre site web, puisque la prise de conscience de ces informations nous aide \u00e0 faire les ajustements n\u00e9cessaires au contenu fourni sur notre site web. La possibilit\u00e9 d\u2019abus de piste (si elle se produit) Dans de rares cas, la loi (ordonnance d\u2019un tribunal ou d\u2019un organisme charg\u00e9 de l\u2019application de la loi, par exemple) nous oblige \u00e0 divulguer certaines informations sp\u00e9cifiques dont nous pouvons disposer. Toute revendication de marque ou de propri\u00e9t\u00e9 En fait, tous les logos, slogans, marques ou toute autre propri\u00e9t\u00e9 trouv\u00e9e dans notre site web (Si trouv\u00e9) sont les propri\u00e9t\u00e9s de leurs marchands et propri\u00e9taires respectifs.\u00a0SUBTV.FR n\u2019est pas associ\u00e9 ou affili\u00e9 \u00e0 aucun d\u2019entre eux. Mesures de s\u00e9curit\u00e9 appropri\u00e9es et n\u00e9cessaires appropri\u00e9es et n\u00e9cessairesCertes, \u00e0\u00a0SUBTV.FR\u00a0nous vous assurons que nous ne fournissons que des Apps et des fichiers APK originaux sans aucun ajustement, virus ou aucune modification. N\u00e9anmoins, aucune de vos informations sensibles ou personnelles ne sera fournie \u00e0 un autre tiers sans avoir obtenu votre permission. Modifications et ajustements de notre politique de confidentialit\u00e9 Il est possible que nous puissions ajuster, changer ou modifier les termes de notre politique de confidentialit\u00e9 \u00e0 tout moment et sans aucun pr\u00e9avis. L\u2019utilisation des informations que nous recueillons actuellement est soumise \u00e0 la politique de confidentialit\u00e9 en vigueur au moment de l\u2019utilisation des informations. En tant qu\u2019utilisateur ou visiteur du site Web, vous \u00eates li\u00e9 par toutes les modifications apport\u00e9es \u00e0 notre politique de confidentialit\u00e9. \u00a0","og_url":"https:\/\/subtv.fr\/index.php\/politique-de-confidentialite\/","og_site_name":"Subtv","article_modified_time":"2023-10-17T15:15:26+00:00","twitter_card":"summary_large_image","twitter_misc":{"Dur\u00e9e de lecture estim\u00e9e":"5 minutes"},"schema":{"@context":"https:\/\/schema.org","@graph":[{"@type":"WebPage","@id":"https:\/\/subtv.fr\/index.php\/politique-de-confidentialite\/","url":"https:\/\/subtv.fr\/index.php\/politique-de-confidentialite\/","name":"Politique de confidentialit\u00e9 - Subtv","isPartOf":{"@id":"https:\/\/subtv.fr\/#website"},"datePublished":"2023-10-16T10:54:06+00:00","dateModified":"2023-10-17T15:15:26+00:00","breadcrumb":{"@id":"https:\/\/subtv.fr\/index.php\/politique-de-confidentialite\/#breadcrumb"},"inLanguage":"fr-FR","potentialAction":[{"@type":"ReadAction","target":["https:\/\/subtv.fr\/index.php\/politique-de-confidentialite\/"]}]},{"@type":"BreadcrumbList","@id":"https:\/\/subtv.fr\/index.php\/politique-de-confidentialite\/#breadcrumb","itemListElement":[{"@type":"ListItem","position":1,"name":"Accueil","item":"https:\/\/subtv.fr\/"},{"@type":"ListItem","position":2,"name":"Politique de confidentialit\u00e9"}]},{"@type":"WebSite","@id":"https:\/\/subtv.fr\/#website","url":"https:\/\/subtv.fr\/","name":"Subtv","description":"MEILLEUR ABONNEMENT IPTV N\u00b01 EN FRANCE &amp; Europe","publisher":{"@id":"https:\/\/subtv.fr\/#organization"},"potentialAction":[{"@type":"SearchAction","target":{"@type":"EntryPoint","urlTemplate":"https:\/\/subtv.fr\/?s={search_term_string}"},"query-input":{"@type":"PropertyValueSpecification","valueRequired":true,"valueName":"search_term_string"}}],"inLanguage":"fr-FR"},{"@type":["Organization","Place"],"@id":"https:\/\/subtv.fr\/#organization","name":"Subtv","url":"https:\/\/subtv.fr\/","logo":{"@id":"https:\/\/subtv.fr\/index.php\/politique-de-confidentialite\/#local-main-organization-logo"},"image":{"@id":"https:\/\/subtv.fr\/index.php\/politique-de-confidentialite\/#local-main-organization-logo"},"openingHoursSpecification":[{"@type":"OpeningHoursSpecification","dayOfWeek":["Monday","Tuesday","Wednesday","Thursday","Friday","Saturday","Sunday"],"opens":"09:00","closes":"17:00"}]},{"@type":"ImageObject","inLanguage":"fr-FR","@id":"https:\/\/subtv.fr\/index.php\/politique-de-confidentialite\/#local-main-organization-logo","url":"https:\/\/subtv.fr\/wp-content\/uploads\/2023\/04\/cropped-subtv-2.png","contentUrl":"https:\/\/subtv.fr\/wp-content\/uploads\/2023\/04\/cropped-subtv-2.png","width":100,"height":100,"caption":"Subtv"}]}},"_links":{"self":[{"href":"https:\/\/subtv.fr\/index.php\/wp-json\/wp\/v2\/pages\/3"}],"collection":[{"href":"https:\/\/subtv.fr\/index.php\/wp-json\/wp\/v2\/pages"}],"about":[{"href":"https:\/\/subtv.fr\/index.php\/wp-json\/wp\/v2\/types\/page"}],"author":[{"embeddable":true,"href":"https:\/\/subtv.fr\/index.php\/wp-json\/wp\/v2\/users\/1"}],"replies":[{"embeddable":true,"href":"https:\/\/subtv.fr\/index.php\/wp-json\/wp\/v2\/comments?post=3"}],"version-history":[{"count":6,"href":"https:\/\/subtv.fr\/index.php\/wp-json\/wp\/v2\/pages\/3\/revisions"}],"predecessor-version":[{"id":1316,"href":"https:\/\/subtv.fr\/index.php\/wp-json\/wp\/v2\/pages\/3\/revisions\/1316"}],"wp:attachment":[{"href":"https:\/\/subtv.fr\/index.php\/wp-json\/wp\/v2\/media?parent=3"}],"curies":[{"name":"wp","href":"https:\/\/api.w.org\/{rel}","templated":true}]}}